{"id":1291,"date":"2024-10-15T12:50:28","date_gmt":"2024-10-15T12:50:28","guid":{"rendered":"https:\/\/simpro-europe.com\/registrering-av-garanti\/"},"modified":"2025-05-15T06:33:10","modified_gmt":"2025-05-15T06:33:10","slug":"registrering-av-garanti","status":"publish","type":"page","link":"https:\/\/simpro-europe.com\/sv\/registrering-av-garanti\/","title":{"rendered":"Registrering av garanti"},"content":{"rendered":"\t\t<div data-elementor-type=\"wp-page\" data-elementor-id=\"1291\" class=\"elementor elementor-1291 elementor-284\" data-elementor-post-type=\"page\">\n\t\t\t\t\t\t<section class=\"elementor-section elementor-top-section elementor-element elementor-element-0a82b2d elementor-section-full_width elementor-section-stretched elementor-section-height-default elementor-section-height-default\" data-id=\"0a82b2d\" data-element_type=\"section\" data-e-type=\"section\" data-settings=\"{&quot;stretch_section&quot;:&quot;section-stretched&quot;}\">\n\t\t\t\t\t\t<div class=\"elementor-container elementor-column-gap-no\">\n\t\t\t\t\t<div class=\"elementor-column elementor-col-50 elementor-top-column elementor-element elementor-element-7515300\" data-id=\"7515300\" data-element_type=\"column\" data-e-type=\"column\" data-settings=\"{&quot;background_background&quot;:&quot;classic&quot;}\">\n\t\t\t<div class=\"elementor-widget-wrap elementor-element-populated\">\n\t\t\t\t\t\t<div class=\"elementor-element elementor-element-83cc8ff elementor-widget elementor-widget-spacer\" data-id=\"83cc8ff\" data-element_type=\"widget\" data-e-type=\"widget\" data-widget_type=\"spacer.default\">\n\t\t\t\t<div class=\"elementor-widget-container\">\n\t\t\t\t\t\t\t<div class=\"elementor-spacer\">\n\t\t\t<div class=\"elementor-spacer-inner\"><\/div>\n\t\t<\/div>\n\t\t\t\t\t\t<\/div>\n\t\t\t\t<\/div>\n\t\t\t\t\t<\/div>\n\t\t<\/div>\n\t\t\t\t<div class=\"elementor-column elementor-col-50 elementor-top-column elementor-element elementor-element-d784c84\" data-id=\"d784c84\" data-element_type=\"column\" data-e-type=\"column\" data-settings=\"{&quot;background_background&quot;:&quot;gradient&quot;}\">\n\t\t\t<div class=\"elementor-widget-wrap elementor-element-populated\">\n\t\t\t\t\t\t<section class=\"elementor-section elementor-inner-section elementor-element elementor-element-7f60605 elementor-section-boxed elementor-section-height-default elementor-section-height-default\" data-id=\"7f60605\" data-element_type=\"section\" data-e-type=\"section\" data-settings=\"{&quot;background_background&quot;:&quot;classic&quot;}\">\n\t\t\t\t\t\t<div class=\"elementor-container elementor-column-gap-no\">\n\t\t\t\t\t<div class=\"elementor-column elementor-col-100 elementor-inner-column elementor-element elementor-element-3df36f2 cont-clm-style\" data-id=\"3df36f2\" data-element_type=\"column\" data-e-type=\"column\" data-settings=\"{&quot;background_background&quot;:&quot;classic&quot;}\">\n\t\t\t<div class=\"elementor-widget-wrap elementor-element-populated\">\n\t\t\t\t\t\t<div class=\"elementor-element elementor-element-a89093d elementor-invisible elementor-widget elementor-widget-heading\" data-id=\"a89093d\" data-element_type=\"widget\" data-e-type=\"widget\" data-settings=\"{&quot;_animation&quot;:&quot;fadeInUp&quot;}\" data-widget_type=\"heading.default\">\n\t\t\t\t<div class=\"elementor-widget-container\">\n\t\t\t\t\t<h1 class=\"elementor-heading-title elementor-size-default\">F\u00f6rl\u00e4ngd  <span class=\"animated-txt\">Garantiregistrering<\/span><\/h1>\t\t\t\t<\/div>\n\t\t\t\t<\/div>\n\t\t\t\t<div class=\"elementor-element elementor-element-7ed953d elementor-invisible elementor-widget elementor-widget-text-editor\" data-id=\"7ed953d\" data-element_type=\"widget\" data-e-type=\"widget\" data-settings=\"{&quot;_animation&quot;:&quot;fadeInUp&quot;}\" data-widget_type=\"text-editor.default\">\n\t\t\t\t<div class=\"elementor-widget-container\">\n\t\t\t\t\t\t\t\t\t<p>Aktivera din f\u00f6rl\u00e4ngda t\u00e4ckning.<\/p>\t\t\t\t\t\t\t\t<\/div>\n\t\t\t\t<\/div>\n\t\t\t\t\t<\/div>\n\t\t<\/div>\n\t\t\t\t\t<\/div>\n\t\t<\/section>\n\t\t\t\t\t<\/div>\n\t\t<\/div>\n\t\t\t\t\t<\/div>\n\t\t<\/section>\n\t\t\t\t<section class=\"elementor-section elementor-top-section elementor-element elementor-element-f226250 elementor-section-stretched elementor-section-boxed elementor-section-height-default elementor-section-height-default\" data-id=\"f226250\" data-element_type=\"section\" data-e-type=\"section\" data-settings=\"{&quot;stretch_section&quot;:&quot;section-stretched&quot;,&quot;background_background&quot;:&quot;classic&quot;}\">\n\t\t\t\t\t\t<div class=\"elementor-container elementor-column-gap-no\">\n\t\t\t\t\t<div class=\"elementor-column elementor-col-100 elementor-top-column elementor-element elementor-element-7c71fb0\" data-id=\"7c71fb0\" data-element_type=\"column\" data-e-type=\"column\">\n\t\t\t<div class=\"elementor-widget-wrap elementor-element-populated\">\n\t\t\t\t\t\t<div class=\"elementor-element elementor-element-74a084d elementor-widget elementor-widget-html\" data-id=\"74a084d\" data-element_type=\"widget\" data-e-type=\"widget\" data-widget_type=\"html.default\">\n\t\t\t\t<div class=\"elementor-widget-container\">\n\t\t\t\t\t<iframe src=\"https:\/\/simpro.world\/support\/extended-warranty-registration\" frameborder=\"0\" style=\"width: 890px; height:2170px; margin:0px;\"><\/iframe>\t\t\t\t<\/div>\n\t\t\t\t<\/div>\n\t\t\t\t<div class=\"elementor-element elementor-element-22dddab elementor-invisible elementor-widget elementor-widget-text-editor\" data-id=\"22dddab\" data-element_type=\"widget\" data-e-type=\"widget\" data-settings=\"{&quot;_animation&quot;:&quot;fadeInUp&quot;}\" data-widget_type=\"text-editor.default\">\n\t\t\t\t<div class=\"elementor-widget-container\">\n\t\t\t\t\t\t\t\t\t<p>Den h\u00e4r l\u00e4nken till Simpro Live Sales &amp; Support ska endast anv\u00e4ndas f\u00f6r garantirelaterade fr\u00e5gor. De kommer inte att kunna hj\u00e4lpa till med n\u00e5got annat. <\/p>\n\t\t\t\t\t\t\t\t<\/div>\n\t\t\t\t<\/div>\n\t\t\t\t\t<\/div>\n\t\t<\/div>\n\t\t\t\t\t<\/div>\n\t\t<\/section>\n\t\t\t\t<\/div>\n\t\t","protected":false},"excerpt":{"rendered":"<p>F\u00f6rl\u00e4ngd Garantiregistrering Aktivera din f\u00f6rl\u00e4ngda t\u00e4ckning. Den h\u00e4r l\u00e4nken till Simpro Live Sales &amp; Support ska endast anv\u00e4ndas f\u00f6r garantirelaterade fr\u00e5gor. De kommer inte att kunna hj\u00e4lpa till med n\u00e5got annat.<\/p>\n","protected":false},"author":1,"featured_media":0,"parent":0,"menu_order":0,"comment_status":"closed","ping_status":"closed","template":"","meta":{"_acf_changed":false,"footnotes":""},"class_list":["post-1291","page","type-page","status-publish","hentry"],"acf":[],"yoast_head":"<!-- This site is optimized with the Yoast SEO plugin v27.4 - https:\/\/yoast.com\/product\/yoast-seo-wordpress\/ -->\n<title>Garantiregistrering - Simpro Europe<\/title>\n<meta name=\"description\" content=\"Registrera din garanti hos Simpro Europe f\u00f6r att s\u00e4kerst\u00e4lla omfattande support och skydd f\u00f6r dina produkter. Snabb och enkel process.\" \/>\n<meta name=\"robots\" content=\"index, follow, max-snippet:-1, max-image-preview:large, max-video-preview:-1\" \/>\n<link rel=\"canonical\" href=\"https:\/\/simpro-europe.com\/sv\/registrering-av-garanti\/\" \/>\n<meta property=\"og:locale\" content=\"sv_SE\" \/>\n<meta property=\"og:type\" content=\"article\" \/>\n<meta property=\"og:title\" content=\"Garantiregistrering - Simpro Europe\" \/>\n<meta property=\"og:description\" content=\"Registrera din garanti hos Simpro Europe f\u00f6r att s\u00e4kerst\u00e4lla omfattande support och skydd f\u00f6r dina produkter. Snabb och enkel process.\" \/>\n<meta property=\"og:url\" content=\"https:\/\/simpro-europe.com\/sv\/registrering-av-garanti\/\" \/>\n<meta property=\"og:site_name\" content=\"Simpro Europe\" \/>\n<meta property=\"article:publisher\" content=\"https:\/\/www.facebook.com\/simpro.europe\" \/>\n<meta property=\"article:modified_time\" content=\"2025-05-15T06:33:10+00:00\" \/>\n<meta name=\"twitter:card\" content=\"summary_large_image\" \/>\n<meta name=\"twitter:label1\" content=\"Ber\u00e4knad l\u00e4stid\" \/>\n\t<meta name=\"twitter:data1\" content=\"1 minut\" \/>\n<script type=\"application\/ld+json\" class=\"yoast-schema-graph\">{\"@context\":\"https:\\\/\\\/schema.org\",\"@graph\":[{\"@type\":\"WebPage\",\"@id\":\"https:\\\/\\\/simpro-europe.com\\\/sv\\\/registrering-av-garanti\\\/\",\"url\":\"https:\\\/\\\/simpro-europe.com\\\/sv\\\/registrering-av-garanti\\\/\",\"name\":\"Garantiregistrering - Simpro Europe\",\"isPartOf\":{\"@id\":\"https:\\\/\\\/simpro-europe.com\\\/sv\\\/#website\"},\"datePublished\":\"2024-10-15T12:50:28+00:00\",\"dateModified\":\"2025-05-15T06:33:10+00:00\",\"description\":\"Registrera din garanti hos Simpro Europe f\u00f6r att s\u00e4kerst\u00e4lla omfattande support och skydd f\u00f6r dina produkter. Snabb och enkel process.\",\"breadcrumb\":{\"@id\":\"https:\\\/\\\/simpro-europe.com\\\/sv\\\/registrering-av-garanti\\\/#breadcrumb\"},\"inLanguage\":\"sv-SE\",\"potentialAction\":[{\"@type\":\"ReadAction\",\"target\":[\"https:\\\/\\\/simpro-europe.com\\\/sv\\\/registrering-av-garanti\\\/\"]}]},{\"@type\":\"BreadcrumbList\",\"@id\":\"https:\\\/\\\/simpro-europe.com\\\/sv\\\/registrering-av-garanti\\\/#breadcrumb\",\"itemListElement\":[{\"@type\":\"ListItem\",\"position\":1,\"name\":\"Home\",\"item\":\"https:\\\/\\\/simpro-europe.com\\\/sv\\\/\"},{\"@type\":\"ListItem\",\"position\":2,\"name\":\"Registrering av garanti\"}]},{\"@type\":\"WebSite\",\"@id\":\"https:\\\/\\\/simpro-europe.com\\\/sv\\\/#website\",\"url\":\"https:\\\/\\\/simpro-europe.com\\\/sv\\\/\",\"name\":\"Simpro Europe\",\"description\":\"Simpro Europe\",\"publisher\":{\"@id\":\"https:\\\/\\\/simpro-europe.com\\\/sv\\\/#organization\"},\"potentialAction\":[{\"@type\":\"SearchAction\",\"target\":{\"@type\":\"EntryPoint\",\"urlTemplate\":\"https:\\\/\\\/simpro-europe.com\\\/sv\\\/?s={search_term_string}\"},\"query-input\":{\"@type\":\"PropertyValueSpecification\",\"valueRequired\":true,\"valueName\":\"search_term_string\"}}],\"inLanguage\":\"sv-SE\"},{\"@type\":\"Organization\",\"@id\":\"https:\\\/\\\/simpro-europe.com\\\/sv\\\/#organization\",\"name\":\"Simpro Europe\",\"url\":\"https:\\\/\\\/simpro-europe.com\\\/sv\\\/\",\"logo\":{\"@type\":\"ImageObject\",\"inLanguage\":\"sv-SE\",\"@id\":\"https:\\\/\\\/simpro-europe.com\\\/sv\\\/#\\\/schema\\\/logo\\\/image\\\/\",\"url\":\"https:\\\/\\\/simpro-europe.com\\\/wp-content\\\/uploads\\\/2024\\\/08\\\/simpro-europe-logo-1.svg\",\"contentUrl\":\"https:\\\/\\\/simpro-europe.com\\\/wp-content\\\/uploads\\\/2024\\\/08\\\/simpro-europe-logo-1.svg\",\"width\":207,\"height\":50,\"caption\":\"Simpro Europe\"},\"image\":{\"@id\":\"https:\\\/\\\/simpro-europe.com\\\/sv\\\/#\\\/schema\\\/logo\\\/image\\\/\"},\"sameAs\":[\"https:\\\/\\\/www.facebook.com\\\/simpro.europe\",\"https:\\\/\\\/www.linkedin.com\\\/company\\\/simproeurope\\\/\",\"https:\\\/\\\/www.instagram.com\\\/simpro.europe\\\/\",\"https:\\\/\\\/www.youtube.com\\\/c\\\/SimproWorld_Lifters\\\/videos\"]}]}<\/script>\n<!-- \/ Yoast SEO plugin. -->","yoast_head_json":{"title":"Garantiregistrering - Simpro Europe","description":"Registrera din garanti hos Simpro Europe f\u00f6r att s\u00e4kerst\u00e4lla omfattande support och skydd f\u00f6r dina produkter. Snabb och enkel process.","robots":{"index":"index","follow":"follow","max-snippet":"max-snippet:-1","max-image-preview":"max-image-preview:large","max-video-preview":"max-video-preview:-1"},"canonical":"https:\/\/simpro-europe.com\/sv\/registrering-av-garanti\/","og_locale":"sv_SE","og_type":"article","og_title":"Garantiregistrering - Simpro Europe","og_description":"Registrera din garanti hos Simpro Europe f\u00f6r att s\u00e4kerst\u00e4lla omfattande support och skydd f\u00f6r dina produkter. Snabb och enkel process.","og_url":"https:\/\/simpro-europe.com\/sv\/registrering-av-garanti\/","og_site_name":"Simpro Europe","article_publisher":"https:\/\/www.facebook.com\/simpro.europe","article_modified_time":"2025-05-15T06:33:10+00:00","twitter_card":"summary_large_image","twitter_misc":{"Ber\u00e4knad l\u00e4stid":"1 minut"},"schema":{"@context":"https:\/\/schema.org","@graph":[{"@type":"WebPage","@id":"https:\/\/simpro-europe.com\/sv\/registrering-av-garanti\/","url":"https:\/\/simpro-europe.com\/sv\/registrering-av-garanti\/","name":"Garantiregistrering - Simpro Europe","isPartOf":{"@id":"https:\/\/simpro-europe.com\/sv\/#website"},"datePublished":"2024-10-15T12:50:28+00:00","dateModified":"2025-05-15T06:33:10+00:00","description":"Registrera din garanti hos Simpro Europe f\u00f6r att s\u00e4kerst\u00e4lla omfattande support och skydd f\u00f6r dina produkter. Snabb och enkel process.","breadcrumb":{"@id":"https:\/\/simpro-europe.com\/sv\/registrering-av-garanti\/#breadcrumb"},"inLanguage":"sv-SE","potentialAction":[{"@type":"ReadAction","target":["https:\/\/simpro-europe.com\/sv\/registrering-av-garanti\/"]}]},{"@type":"BreadcrumbList","@id":"https:\/\/simpro-europe.com\/sv\/registrering-av-garanti\/#breadcrumb","itemListElement":[{"@type":"ListItem","position":1,"name":"Home","item":"https:\/\/simpro-europe.com\/sv\/"},{"@type":"ListItem","position":2,"name":"Registrering av garanti"}]},{"@type":"WebSite","@id":"https:\/\/simpro-europe.com\/sv\/#website","url":"https:\/\/simpro-europe.com\/sv\/","name":"Simpro Europe","description":"Simpro Europe","publisher":{"@id":"https:\/\/simpro-europe.com\/sv\/#organization"},"potentialAction":[{"@type":"SearchAction","target":{"@type":"EntryPoint","urlTemplate":"https:\/\/simpro-europe.com\/sv\/?s={search_term_string}"},"query-input":{"@type":"PropertyValueSpecification","valueRequired":true,"valueName":"search_term_string"}}],"inLanguage":"sv-SE"},{"@type":"Organization","@id":"https:\/\/simpro-europe.com\/sv\/#organization","name":"Simpro Europe","url":"https:\/\/simpro-europe.com\/sv\/","logo":{"@type":"ImageObject","inLanguage":"sv-SE","@id":"https:\/\/simpro-europe.com\/sv\/#\/schema\/logo\/image\/","url":"https:\/\/simpro-europe.com\/wp-content\/uploads\/2024\/08\/simpro-europe-logo-1.svg","contentUrl":"https:\/\/simpro-europe.com\/wp-content\/uploads\/2024\/08\/simpro-europe-logo-1.svg","width":207,"height":50,"caption":"Simpro Europe"},"image":{"@id":"https:\/\/simpro-europe.com\/sv\/#\/schema\/logo\/image\/"},"sameAs":["https:\/\/www.facebook.com\/simpro.europe","https:\/\/www.linkedin.com\/company\/simproeurope\/","https:\/\/www.instagram.com\/simpro.europe\/","https:\/\/www.youtube.com\/c\/SimproWorld_Lifters\/videos"]}]}},"_links":{"self":[{"href":"https:\/\/simpro-europe.com\/sv\/wp-json\/wp\/v2\/pages\/1291","targetHints":{"allow":["GET"]}}],"collection":[{"href":"https:\/\/simpro-europe.com\/sv\/wp-json\/wp\/v2\/pages"}],"about":[{"href":"https:\/\/simpro-europe.com\/sv\/wp-json\/wp\/v2\/types\/page"}],"author":[{"embeddable":true,"href":"https:\/\/simpro-europe.com\/sv\/wp-json\/wp\/v2\/users\/1"}],"replies":[{"embeddable":true,"href":"https:\/\/simpro-europe.com\/sv\/wp-json\/wp\/v2\/comments?post=1291"}],"version-history":[{"count":0,"href":"https:\/\/simpro-europe.com\/sv\/wp-json\/wp\/v2\/pages\/1291\/revisions"}],"wp:attachment":[{"href":"https:\/\/simpro-europe.com\/sv\/wp-json\/wp\/v2\/media?parent=1291"}],"curies":[{"name":"wp","href":"https:\/\/api.w.org\/{rel}","templated":true}]}}