{"id":1240,"date":"2024-08-07T14:09:39","date_gmt":"2024-08-07T14:09:39","guid":{"rendered":"https:\/\/simpro-europe.com\/kommer-snart\/"},"modified":"2025-01-10T09:37:51","modified_gmt":"2025-01-10T09:37:51","slug":"kommer-snart","status":"publish","type":"page","link":"https:\/\/simpro-europe.com\/sv\/kommer-snart\/","title":{"rendered":"Kommer snart"},"content":{"rendered":"\t\t<div data-elementor-type=\"wp-page\" data-elementor-id=\"1240\" class=\"elementor elementor-1240 elementor-12\" data-elementor-post-type=\"page\">\n\t\t\t\t\t\t<section class=\"elementor-section elementor-top-section elementor-element elementor-element-7727ca elementor-section-stretched elementor-section-boxed elementor-section-height-default elementor-section-height-default\" data-id=\"7727ca\" data-element_type=\"section\" data-e-type=\"section\" data-settings=\"{&quot;stretch_section&quot;:&quot;section-stretched&quot;,&quot;background_background&quot;:&quot;gradient&quot;}\">\n\t\t\t\t\t\t\t<div class=\"elementor-background-overlay\"><\/div>\n\t\t\t\t\t\t\t<div class=\"elementor-container elementor-column-gap-no\">\n\t\t\t\t\t<div class=\"elementor-column elementor-col-100 elementor-top-column elementor-element elementor-element-27be2a0f\" data-id=\"27be2a0f\" data-element_type=\"column\" data-e-type=\"column\">\n\t\t\t<div class=\"elementor-widget-wrap elementor-element-populated\">\n\t\t\t\t\t\t<div class=\"elementor-element elementor-element-5ba8c91f elementor-widget elementor-widget-image\" data-id=\"5ba8c91f\" data-element_type=\"widget\" data-e-type=\"widget\" data-widget_type=\"image.default\">\n\t\t\t\t<div class=\"elementor-widget-container\">\n\t\t\t\t\t\t\t\t\t\t\t\t\t\t\t<img decoding=\"async\" width=\"207\" height=\"50\" src=\"https:\/\/simpro-europe.com\/wp-content\/uploads\/2024\/08\/simpro-europe-logo-1.svg\" class=\"attachment-full size-full wp-image-3421\" alt=\"simpro-europe logo fr\" \/>\t\t\t\t\t\t\t\t\t\t\t\t\t\t\t<\/div>\n\t\t\t\t<\/div>\n\t\t\t\t<section class=\"elementor-section elementor-inner-section elementor-element elementor-element-292dc1b1 elementor-section-boxed elementor-section-height-default elementor-section-height-default\" data-id=\"292dc1b1\" data-element_type=\"section\" data-e-type=\"section\">\n\t\t\t\t\t\t<div class=\"elementor-container elementor-column-gap-no\">\n\t\t\t\t\t<div class=\"elementor-column elementor-col-50 elementor-inner-column elementor-element elementor-element-72e259d\" data-id=\"72e259d\" data-element_type=\"column\" data-e-type=\"column\">\n\t\t\t<div class=\"elementor-widget-wrap elementor-element-populated\">\n\t\t\t\t\t\t<div class=\"elementor-element elementor-element-3debc4ea elementor-widget elementor-widget-image\" data-id=\"3debc4ea\" data-element_type=\"widget\" data-e-type=\"widget\" data-widget_type=\"image.default\">\n\t\t\t\t<div class=\"elementor-widget-container\">\n\t\t\t\t\t\t\t\t\t\t\t\t\t\t\t<img fetchpriority=\"high\" decoding=\"async\" width=\"500\" height=\"664\" src=\"https:\/\/simpro-europe.com\/wp-content\/uploads\/2024\/08\/41dc58d887d0f0f1890af8174a9cce88.gif\" class=\"attachment-full size-full wp-image-1241\" alt=\"\" \/>\t\t\t\t\t\t\t\t\t\t\t\t\t\t\t<\/div>\n\t\t\t\t<\/div>\n\t\t\t\t\t<\/div>\n\t\t<\/div>\n\t\t\t\t<div class=\"elementor-column elementor-col-50 elementor-inner-column elementor-element elementor-element-5104932a\" data-id=\"5104932a\" data-element_type=\"column\" data-e-type=\"column\">\n\t\t\t<div class=\"elementor-widget-wrap elementor-element-populated\">\n\t\t\t\t\t\t<div class=\"elementor-element elementor-element-3a5875a2 elementor-widget elementor-widget-heading\" data-id=\"3a5875a2\" data-element_type=\"widget\" data-e-type=\"widget\" data-widget_type=\"heading.default\">\n\t\t\t\t<div class=\"elementor-widget-container\">\n\t\t\t\t\t<h3 class=\"elementor-heading-title elementor-size-default\">V\u00c5R NYA WEBBPLATS \u00c4R<\/h3>\t\t\t\t<\/div>\n\t\t\t\t<\/div>\n\t\t\t\t<div class=\"elementor-element elementor-element-63437991 elementor-widget elementor-widget-heading\" data-id=\"63437991\" data-element_type=\"widget\" data-e-type=\"widget\" data-widget_type=\"heading.default\">\n\t\t\t\t<div class=\"elementor-widget-container\">\n\t\t\t\t\t<h1 class=\"elementor-heading-title elementor-size-default\">Kommer snart<\/h1>\t\t\t\t<\/div>\n\t\t\t\t<\/div>\n\t\t\t\t<div class=\"elementor-element elementor-element-11f818bf elementor-icon-list--layout-inline elementor-tablet-align-center elementor-list-item-link-full_width elementor-widget elementor-widget-icon-list\" data-id=\"11f818bf\" data-element_type=\"widget\" data-e-type=\"widget\" data-widget_type=\"icon-list.default\">\n\t\t\t\t<div class=\"elementor-widget-container\">\n\t\t\t\t\t\t\t<ul class=\"elementor-icon-list-items elementor-inline-items\">\n\t\t\t\t\t\t\t<li class=\"elementor-icon-list-item elementor-inline-item\">\n\t\t\t\t\t\t\t\t\t\t<span class=\"elementor-icon-list-text\">\u00c0 venir<\/span>\n\t\t\t\t\t\t\t\t\t<\/li>\n\t\t\t\t\t\t\t\t<li class=\"elementor-icon-list-item elementor-inline-item\">\n\t\t\t\t\t\t\t\t\t\t<span class=\"elementor-icon-list-text\">Inre kort tillg\u00e4ngligt<\/span>\n\t\t\t\t\t\t\t\t\t<\/li>\n\t\t\t\t\t\t\t\t<li class=\"elementor-icon-list-item elementor-inline-item\">\n\t\t\t\t\t\t\t\t\t\t<span class=\"elementor-icon-list-text\">Demn\u00e4chst<\/span>\n\t\t\t\t\t\t\t\t\t<\/li>\n\t\t\t\t\t\t\t\t<li class=\"elementor-icon-list-item elementor-inline-item\">\n\t\t\t\t\t\t\t\t\t\t<span class=\"elementor-icon-list-text\">F\u00f6rhandsgranskning<\/span>\n\t\t\t\t\t\t\t\t\t<\/li>\n\t\t\t\t\t\t\t\t<li class=\"elementor-icon-list-item elementor-inline-item\">\n\t\t\t\t\t\t\t\t\t\t<span class=\"elementor-icon-list-text\">Wkr\u00f3tce<\/span>\n\t\t\t\t\t\t\t\t\t<\/li>\n\t\t\t\t\t\t\t\t<li class=\"elementor-icon-list-item elementor-inline-item\">\n\t\t\t\t\t\t\t\t\t\t<span class=\"elementor-icon-list-text\">Kommer snart<\/span>\n\t\t\t\t\t\t\t\t\t<\/li>\n\t\t\t\t\t\t\t\t<li class=\"elementor-icon-list-item elementor-inline-item\">\n\t\t\t\t\t\t\t\t\t\t<span class=\"elementor-icon-list-text\">Muy pronto<\/span>\n\t\t\t\t\t\t\t\t\t<\/li>\n\t\t\t\t\t\t\t\t<li class=\"elementor-icon-list-item elementor-inline-item\">\n\t\t\t\t\t\t\t\t\t\t<span class=\"elementor-icon-list-text\">Kortfattat<\/span>\n\t\t\t\t\t\t\t\t\t<\/li>\n\t\t\t\t\t\t\t\t<li class=\"elementor-icon-list-item elementor-inline-item\">\n\t\t\t\t\t\t\t\t\t\t<span class=\"elementor-icon-list-text\">Hamarosan<\/span>\n\t\t\t\t\t\t\t\t\t<\/li>\n\t\t\t\t\t\t\t\t<li class=\"elementor-icon-list-item elementor-inline-item\">\n\t\t\t\t\t\t\t\t\t\t<span class=\"elementor-icon-list-text\">Ag teacht go luath<\/span>\n\t\t\t\t\t\t\t\t\t<\/li>\n\t\t\t\t\t\t\t\t<li class=\"elementor-icon-list-item elementor-inline-item\">\n\t\t\t\t\t\t\t\t\t\t<span class=\"elementor-icon-list-text\">Dr\u012bzum\u0101<\/span>\n\t\t\t\t\t\t\t\t\t<\/li>\n\t\t\t\t\t\t\t\t<li class=\"elementor-icon-list-item elementor-inline-item\">\n\t\t\t\t\t\t\t\t\t\t<span class=\"elementor-icon-list-text\">Netrukus<\/span>\n\t\t\t\t\t\t\t\t\t<\/li>\n\t\t\t\t\t\t\t\t<li class=\"elementor-icon-list-item elementor-inline-item\">\n\t\t\t\t\t\t\t\t\t\t<span class=\"elementor-icon-list-text\">Tulossa pian<\/span>\n\t\t\t\t\t\t\t\t\t<\/li>\n\t\t\t\t\t\t\t\t<li class=\"elementor-icon-list-item elementor-inline-item\">\n\t\t\t\t\t\t\t\t\t\t<span class=\"elementor-icon-list-text\">Tulekul<\/span>\n\t\t\t\t\t\t\t\t\t<\/li>\n\t\t\t\t\t\t\t\t<li class=\"elementor-icon-list-item elementor-inline-item\">\n\t\t\t\t\t\t\t\t\t\t<span class=\"elementor-icon-list-text\">Ji\u017e brzy<\/span>\n\t\t\t\t\t\t\t\t\t<\/li>\n\t\t\t\t\t\t\t\t<li class=\"elementor-icon-list-item elementor-inline-item\">\n\t\t\t\t\t\t\t\t\t\t<span class=\"elementor-icon-list-text\">Dolazi uskoro<\/span>\n\t\t\t\t\t\t\t\t\t<\/li>\n\t\t\t\t\t\t\t\t<li class=\"elementor-icon-list-item elementor-inline-item\">\n\t\t\t\t\t\t\t\t\t\t<span class=\"elementor-icon-list-text\">\u041e\u0447\u0430\u043a\u0432\u0430\u0439\u0442\u0435 \u0441\u043a\u043e\u0440\u043e<\/span>\n\t\t\t\t\t\t\t\t\t<\/li>\n\t\t\t\t\t\t\t\t<li class=\"elementor-icon-list-item elementor-inline-item\">\n\t\t\t\t\t\t\t\t\t\t<span class=\"elementor-icon-list-text\">Uskoro dolazi<\/span>\n\t\t\t\t\t\t\t\t\t<\/li>\n\t\t\t\t\t\t\t\t<li class=\"elementor-icon-list-item elementor-inline-item\">\n\t\t\t\t\t\t\t\t\t\t<span class=\"elementor-icon-list-text\">\u0395\u03c1\u03c7\u03bf\u03bc\u03b1\u03b9 \u03c3\u03c5\u03bd\u03c4\u03bf\u03bc\u03b1<\/span>\n\t\t\t\t\t\t\t\t\t<\/li>\n\t\t\t\t\t\t\t\t<li class=\"elementor-icon-list-item elementor-inline-item\">\n\t\t\t\t\t\t\t\t\t\t<span class=\"elementor-icon-list-text\">Aktuell sida<\/span>\n\t\t\t\t\t\t\t\t\t<\/li>\n\t\t\t\t\t\t\t\t<li class=\"elementor-icon-list-item elementor-inline-item\">\n\t\t\t\t\t\t\t\t\t\t<span class=\"elementor-icon-list-text\">Kemur br\u00e1\u00f0um<\/span>\n\t\t\t\t\t\t\t\t\t<\/li>\n\t\t\t\t\t\t\t\t<li class=\"elementor-icon-list-item elementor-inline-item\">\n\t\t\t\t\t\t\t\t\t\t<span class=\"elementor-icon-list-text\">I curand<\/span>\n\t\t\t\t\t\t\t\t\t<\/li>\n\t\t\t\t\t\t\t\t<li class=\"elementor-icon-list-item elementor-inline-item\">\n\t\t\t\t\t\t\t\t\t\t<span class=\"elementor-icon-list-text\">\u0414\u043e\u043b\u0430\u0437\u0438 \u0443\u0441\u043a\u043e\u0440\u043e<\/span>\n\t\t\t\t\t\t\t\t\t<\/li>\n\t\t\t\t\t\t<\/ul>\n\t\t\t\t\t\t<\/div>\n\t\t\t\t<\/div>\n\t\t\t\t<div class=\"elementor-element elementor-element-26d9e3da elementor-widget__width-initial elementor-widget-tablet__width-inherit elementor-widget elementor-widget-image-box\" data-id=\"26d9e3da\" data-element_type=\"widget\" data-e-type=\"widget\" data-widget_type=\"image-box.default\">\n\t\t\t\t<div class=\"elementor-widget-container\">\n\t\t\t\t\t<div class=\"elementor-image-box-wrapper\"><div class=\"elementor-image-box-content\"><h3 class=\"elementor-image-box-title\">Kom och tr\u00e4ffa oss och se v\u00e5rt sortiment av soptunnelyftare p\u00e5:<\/h3><p class=\"elementor-image-box-description\">Monter 113, Hall C5, Rimini Expo Centre, Italien 5-8 november 2024 | Ecomondo<\/p><\/div><\/div>\t\t\t\t<\/div>\n\t\t\t\t<\/div>\n\t\t\t\t\t<\/div>\n\t\t<\/div>\n\t\t\t\t\t<\/div>\n\t\t<\/section>\n\t\t\t\t\t<\/div>\n\t\t<\/div>\n\t\t\t\t\t<\/div>\n\t\t<\/section>\n\t\t\t\t<\/div>\n\t\t","protected":false},"excerpt":{"rendered":"<p>V\u00c5R NYA WEBBPLATS \u00c4R Kommer snart \u00c0 venir Inre kort tillg\u00e4ngligt Demn\u00e4chst F\u00f6rhandsgranskning Wkr\u00f3tce Kommer snart Muy pronto Kortfattat Hamarosan Ag teacht go luath Dr\u012bzum\u0101 Netrukus Tulossa pian Tulekul Ji\u017e brzy Dolazi uskoro \u041e\u0447\u0430\u043a\u0432\u0430\u0439\u0442\u0435 \u0441\u043a\u043e\u0440\u043e Uskoro dolazi \u0395\u03c1\u03c7\u03bf\u03bc\u03b1\u03b9 \u03c3\u03c5\u03bd\u03c4\u03bf\u03bc\u03b1 Aktuell sida Kemur br\u00e1\u00f0um I curand \u0414\u043e\u043b\u0430\u0437\u0438 \u0443\u0441\u043a\u043e\u0440\u043e Kom och tr\u00e4ffa oss och se v\u00e5rt sortiment [&hellip;]<\/p>\n","protected":false},"author":1,"featured_media":0,"parent":0,"menu_order":0,"comment_status":"closed","ping_status":"closed","template":"","meta":{"_acf_changed":false,"footnotes":""},"class_list":["post-1240","page","type-page","status-publish","hentry"],"acf":[],"yoast_head":"<!-- This site is optimized with the Yoast SEO plugin v27.4 - https:\/\/yoast.com\/product\/yoast-seo-wordpress\/ -->\n<title>Kommer snart - Simpro Europe<\/title>\n<meta name=\"description\" content=\"Simpro Europe - https:\/\/simpro-europe.com\/ - ul. Gen. W\u0142. Sikorskiego 166\/0.03 18-400 \u0141om\u017ca POLAND\" \/>\n<meta name=\"robots\" content=\"index, follow, max-snippet:-1, max-image-preview:large, max-video-preview:-1\" \/>\n<link rel=\"canonical\" href=\"https:\/\/simpro-europe.com\/sv\/kommer-snart\/\" \/>\n<meta property=\"og:locale\" content=\"sv_SE\" \/>\n<meta property=\"og:type\" content=\"article\" \/>\n<meta property=\"og:title\" content=\"Kommer snart - Simpro Europe\" \/>\n<meta property=\"og:description\" content=\"Simpro Europe - https:\/\/simpro-europe.com\/ - ul. Gen. W\u0142. Sikorskiego 166\/0.03 18-400 \u0141om\u017ca POLAND\" \/>\n<meta property=\"og:url\" content=\"https:\/\/simpro-europe.com\/sv\/kommer-snart\/\" \/>\n<meta property=\"og:site_name\" content=\"Simpro Europe\" \/>\n<meta property=\"article:publisher\" content=\"https:\/\/www.facebook.com\/simpro.europe\" \/>\n<meta property=\"article:modified_time\" content=\"2025-01-10T09:37:51+00:00\" \/>\n<meta name=\"twitter:card\" content=\"summary_large_image\" \/>\n<meta name=\"twitter:label1\" content=\"Ber\u00e4knad l\u00e4stid\" \/>\n\t<meta name=\"twitter:data1\" content=\"1 minut\" \/>\n<script type=\"application\/ld+json\" class=\"yoast-schema-graph\">{\"@context\":\"https:\\\/\\\/schema.org\",\"@graph\":[{\"@type\":\"WebPage\",\"@id\":\"https:\\\/\\\/simpro-europe.com\\\/sv\\\/kommer-snart\\\/\",\"url\":\"https:\\\/\\\/simpro-europe.com\\\/sv\\\/kommer-snart\\\/\",\"name\":\"Kommer snart - Simpro Europe\",\"isPartOf\":{\"@id\":\"https:\\\/\\\/simpro-europe.com\\\/sv\\\/#website\"},\"primaryImageOfPage\":{\"@id\":\"https:\\\/\\\/simpro-europe.com\\\/sv\\\/kommer-snart\\\/#primaryimage\"},\"image\":{\"@id\":\"https:\\\/\\\/simpro-europe.com\\\/sv\\\/kommer-snart\\\/#primaryimage\"},\"thumbnailUrl\":\"https:\\\/\\\/simpro-europe.com\\\/wp-content\\\/uploads\\\/2024\\\/08\\\/simpro-europe-logo-1.svg\",\"datePublished\":\"2024-08-07T14:09:39+00:00\",\"dateModified\":\"2025-01-10T09:37:51+00:00\",\"description\":\"Simpro Europe - https:\\\/\\\/simpro-europe.com\\\/ - ul. Gen. W\u0142. Sikorskiego 166\\\/0.03 18-400 \u0141om\u017ca POLAND\",\"breadcrumb\":{\"@id\":\"https:\\\/\\\/simpro-europe.com\\\/sv\\\/kommer-snart\\\/#breadcrumb\"},\"inLanguage\":\"sv-SE\",\"potentialAction\":[{\"@type\":\"ReadAction\",\"target\":[\"https:\\\/\\\/simpro-europe.com\\\/sv\\\/kommer-snart\\\/\"]}]},{\"@type\":\"ImageObject\",\"inLanguage\":\"sv-SE\",\"@id\":\"https:\\\/\\\/simpro-europe.com\\\/sv\\\/kommer-snart\\\/#primaryimage\",\"url\":\"https:\\\/\\\/simpro-europe.com\\\/wp-content\\\/uploads\\\/2024\\\/08\\\/simpro-europe-logo-1.svg\",\"contentUrl\":\"https:\\\/\\\/simpro-europe.com\\\/wp-content\\\/uploads\\\/2024\\\/08\\\/simpro-europe-logo-1.svg\"},{\"@type\":\"BreadcrumbList\",\"@id\":\"https:\\\/\\\/simpro-europe.com\\\/sv\\\/kommer-snart\\\/#breadcrumb\",\"itemListElement\":[{\"@type\":\"ListItem\",\"position\":1,\"name\":\"Home\",\"item\":\"https:\\\/\\\/simpro-europe.com\\\/sv\\\/\"},{\"@type\":\"ListItem\",\"position\":2,\"name\":\"Kommer snart\"}]},{\"@type\":\"WebSite\",\"@id\":\"https:\\\/\\\/simpro-europe.com\\\/sv\\\/#website\",\"url\":\"https:\\\/\\\/simpro-europe.com\\\/sv\\\/\",\"name\":\"Simpro Europe\",\"description\":\"Simpro Europe\",\"publisher\":{\"@id\":\"https:\\\/\\\/simpro-europe.com\\\/sv\\\/#organization\"},\"potentialAction\":[{\"@type\":\"SearchAction\",\"target\":{\"@type\":\"EntryPoint\",\"urlTemplate\":\"https:\\\/\\\/simpro-europe.com\\\/sv\\\/?s={search_term_string}\"},\"query-input\":{\"@type\":\"PropertyValueSpecification\",\"valueRequired\":true,\"valueName\":\"search_term_string\"}}],\"inLanguage\":\"sv-SE\"},{\"@type\":\"Organization\",\"@id\":\"https:\\\/\\\/simpro-europe.com\\\/sv\\\/#organization\",\"name\":\"Simpro Europe\",\"url\":\"https:\\\/\\\/simpro-europe.com\\\/sv\\\/\",\"logo\":{\"@type\":\"ImageObject\",\"inLanguage\":\"sv-SE\",\"@id\":\"https:\\\/\\\/simpro-europe.com\\\/sv\\\/#\\\/schema\\\/logo\\\/image\\\/\",\"url\":\"https:\\\/\\\/simpro-europe.com\\\/wp-content\\\/uploads\\\/2024\\\/08\\\/simpro-europe-logo-1.svg\",\"contentUrl\":\"https:\\\/\\\/simpro-europe.com\\\/wp-content\\\/uploads\\\/2024\\\/08\\\/simpro-europe-logo-1.svg\",\"width\":207,\"height\":50,\"caption\":\"Simpro Europe\"},\"image\":{\"@id\":\"https:\\\/\\\/simpro-europe.com\\\/sv\\\/#\\\/schema\\\/logo\\\/image\\\/\"},\"sameAs\":[\"https:\\\/\\\/www.facebook.com\\\/simpro.europe\",\"https:\\\/\\\/www.linkedin.com\\\/company\\\/simproeurope\\\/\",\"https:\\\/\\\/www.instagram.com\\\/simpro.europe\\\/\",\"https:\\\/\\\/www.youtube.com\\\/c\\\/SimproWorld_Lifters\\\/videos\"]}]}<\/script>\n<!-- \/ Yoast SEO plugin. -->","yoast_head_json":{"title":"Kommer snart - Simpro Europe","description":"Simpro Europe - https:\/\/simpro-europe.com\/ - ul. Gen. W\u0142. Sikorskiego 166\/0.03 18-400 \u0141om\u017ca POLAND","robots":{"index":"index","follow":"follow","max-snippet":"max-snippet:-1","max-image-preview":"max-image-preview:large","max-video-preview":"max-video-preview:-1"},"canonical":"https:\/\/simpro-europe.com\/sv\/kommer-snart\/","og_locale":"sv_SE","og_type":"article","og_title":"Kommer snart - Simpro Europe","og_description":"Simpro Europe - https:\/\/simpro-europe.com\/ - ul. Gen. W\u0142. Sikorskiego 166\/0.03 18-400 \u0141om\u017ca POLAND","og_url":"https:\/\/simpro-europe.com\/sv\/kommer-snart\/","og_site_name":"Simpro Europe","article_publisher":"https:\/\/www.facebook.com\/simpro.europe","article_modified_time":"2025-01-10T09:37:51+00:00","twitter_card":"summary_large_image","twitter_misc":{"Ber\u00e4knad l\u00e4stid":"1 minut"},"schema":{"@context":"https:\/\/schema.org","@graph":[{"@type":"WebPage","@id":"https:\/\/simpro-europe.com\/sv\/kommer-snart\/","url":"https:\/\/simpro-europe.com\/sv\/kommer-snart\/","name":"Kommer snart - Simpro Europe","isPartOf":{"@id":"https:\/\/simpro-europe.com\/sv\/#website"},"primaryImageOfPage":{"@id":"https:\/\/simpro-europe.com\/sv\/kommer-snart\/#primaryimage"},"image":{"@id":"https:\/\/simpro-europe.com\/sv\/kommer-snart\/#primaryimage"},"thumbnailUrl":"https:\/\/simpro-europe.com\/wp-content\/uploads\/2024\/08\/simpro-europe-logo-1.svg","datePublished":"2024-08-07T14:09:39+00:00","dateModified":"2025-01-10T09:37:51+00:00","description":"Simpro Europe - https:\/\/simpro-europe.com\/ - ul. Gen. W\u0142. Sikorskiego 166\/0.03 18-400 \u0141om\u017ca POLAND","breadcrumb":{"@id":"https:\/\/simpro-europe.com\/sv\/kommer-snart\/#breadcrumb"},"inLanguage":"sv-SE","potentialAction":[{"@type":"ReadAction","target":["https:\/\/simpro-europe.com\/sv\/kommer-snart\/"]}]},{"@type":"ImageObject","inLanguage":"sv-SE","@id":"https:\/\/simpro-europe.com\/sv\/kommer-snart\/#primaryimage","url":"https:\/\/simpro-europe.com\/wp-content\/uploads\/2024\/08\/simpro-europe-logo-1.svg","contentUrl":"https:\/\/simpro-europe.com\/wp-content\/uploads\/2024\/08\/simpro-europe-logo-1.svg"},{"@type":"BreadcrumbList","@id":"https:\/\/simpro-europe.com\/sv\/kommer-snart\/#breadcrumb","itemListElement":[{"@type":"ListItem","position":1,"name":"Home","item":"https:\/\/simpro-europe.com\/sv\/"},{"@type":"ListItem","position":2,"name":"Kommer snart"}]},{"@type":"WebSite","@id":"https:\/\/simpro-europe.com\/sv\/#website","url":"https:\/\/simpro-europe.com\/sv\/","name":"Simpro Europe","description":"Simpro Europe","publisher":{"@id":"https:\/\/simpro-europe.com\/sv\/#organization"},"potentialAction":[{"@type":"SearchAction","target":{"@type":"EntryPoint","urlTemplate":"https:\/\/simpro-europe.com\/sv\/?s={search_term_string}"},"query-input":{"@type":"PropertyValueSpecification","valueRequired":true,"valueName":"search_term_string"}}],"inLanguage":"sv-SE"},{"@type":"Organization","@id":"https:\/\/simpro-europe.com\/sv\/#organization","name":"Simpro Europe","url":"https:\/\/simpro-europe.com\/sv\/","logo":{"@type":"ImageObject","inLanguage":"sv-SE","@id":"https:\/\/simpro-europe.com\/sv\/#\/schema\/logo\/image\/","url":"https:\/\/simpro-europe.com\/wp-content\/uploads\/2024\/08\/simpro-europe-logo-1.svg","contentUrl":"https:\/\/simpro-europe.com\/wp-content\/uploads\/2024\/08\/simpro-europe-logo-1.svg","width":207,"height":50,"caption":"Simpro Europe"},"image":{"@id":"https:\/\/simpro-europe.com\/sv\/#\/schema\/logo\/image\/"},"sameAs":["https:\/\/www.facebook.com\/simpro.europe","https:\/\/www.linkedin.com\/company\/simproeurope\/","https:\/\/www.instagram.com\/simpro.europe\/","https:\/\/www.youtube.com\/c\/SimproWorld_Lifters\/videos"]}]}},"_links":{"self":[{"href":"https:\/\/simpro-europe.com\/sv\/wp-json\/wp\/v2\/pages\/1240","targetHints":{"allow":["GET"]}}],"collection":[{"href":"https:\/\/simpro-europe.com\/sv\/wp-json\/wp\/v2\/pages"}],"about":[{"href":"https:\/\/simpro-europe.com\/sv\/wp-json\/wp\/v2\/types\/page"}],"author":[{"embeddable":true,"href":"https:\/\/simpro-europe.com\/sv\/wp-json\/wp\/v2\/users\/1"}],"replies":[{"embeddable":true,"href":"https:\/\/simpro-europe.com\/sv\/wp-json\/wp\/v2\/comments?post=1240"}],"version-history":[{"count":0,"href":"https:\/\/simpro-europe.com\/sv\/wp-json\/wp\/v2\/pages\/1240\/revisions"}],"wp:attachment":[{"href":"https:\/\/simpro-europe.com\/sv\/wp-json\/wp\/v2\/media?parent=1240"}],"curies":[{"name":"wp","href":"https:\/\/api.w.org\/{rel}","templated":true}]}}