{"id":2198,"date":"2024-10-15T12:50:28","date_gmt":"2024-10-15T12:50:28","guid":{"rendered":"https:\/\/simpro-europe.com\/garantijas-registracija\/"},"modified":"2025-04-21T09:28:55","modified_gmt":"2025-04-21T09:28:55","slug":"garantijas-registracija","status":"publish","type":"page","link":"https:\/\/simpro-europe.com\/lv\/garantijas-registracija\/","title":{"rendered":"Garantijas re\u0123istr\u0101cija"},"content":{"rendered":"\t\t<div data-elementor-type=\"wp-page\" data-elementor-id=\"2198\" class=\"elementor elementor-2198 elementor-284\" data-elementor-post-type=\"page\">\n\t\t\t\t\t\t<section class=\"elementor-section elementor-top-section elementor-element elementor-element-0a82b2d elementor-section-full_width elementor-section-stretched elementor-section-height-default elementor-section-height-default\" data-id=\"0a82b2d\" data-element_type=\"section\" data-e-type=\"section\" data-settings=\"{&quot;stretch_section&quot;:&quot;section-stretched&quot;}\">\n\t\t\t\t\t\t<div class=\"elementor-container elementor-column-gap-no\">\n\t\t\t\t\t<div class=\"elementor-column elementor-col-50 elementor-top-column elementor-element elementor-element-7515300\" data-id=\"7515300\" data-element_type=\"column\" data-e-type=\"column\" data-settings=\"{&quot;background_background&quot;:&quot;classic&quot;}\">\n\t\t\t<div class=\"elementor-widget-wrap elementor-element-populated\">\n\t\t\t\t\t\t<div class=\"elementor-element elementor-element-83cc8ff elementor-widget elementor-widget-spacer\" data-id=\"83cc8ff\" data-element_type=\"widget\" data-e-type=\"widget\" data-widget_type=\"spacer.default\">\n\t\t\t\t<div class=\"elementor-widget-container\">\n\t\t\t\t\t\t\t<div class=\"elementor-spacer\">\n\t\t\t<div class=\"elementor-spacer-inner\"><\/div>\n\t\t<\/div>\n\t\t\t\t\t\t<\/div>\n\t\t\t\t<\/div>\n\t\t\t\t\t<\/div>\n\t\t<\/div>\n\t\t\t\t<div class=\"elementor-column elementor-col-50 elementor-top-column elementor-element elementor-element-d784c84\" data-id=\"d784c84\" data-element_type=\"column\" data-e-type=\"column\" data-settings=\"{&quot;background_background&quot;:&quot;gradient&quot;}\">\n\t\t\t<div class=\"elementor-widget-wrap elementor-element-populated\">\n\t\t\t\t\t\t<section class=\"elementor-section elementor-inner-section elementor-element elementor-element-7f60605 elementor-section-boxed elementor-section-height-default elementor-section-height-default\" data-id=\"7f60605\" data-element_type=\"section\" data-e-type=\"section\" data-settings=\"{&quot;background_background&quot;:&quot;classic&quot;}\">\n\t\t\t\t\t\t<div class=\"elementor-container elementor-column-gap-no\">\n\t\t\t\t\t<div class=\"elementor-column elementor-col-100 elementor-inner-column elementor-element elementor-element-3df36f2 cont-clm-style\" data-id=\"3df36f2\" data-element_type=\"column\" data-e-type=\"column\" data-settings=\"{&quot;background_background&quot;:&quot;classic&quot;}\">\n\t\t\t<div class=\"elementor-widget-wrap elementor-element-populated\">\n\t\t\t\t\t\t<div class=\"elementor-element elementor-element-a89093d elementor-invisible elementor-widget elementor-widget-heading\" data-id=\"a89093d\" data-element_type=\"widget\" data-e-type=\"widget\" data-settings=\"{&quot;_animation&quot;:&quot;fadeInUp&quot;}\" data-widget_type=\"heading.default\">\n\t\t\t\t<div class=\"elementor-widget-container\">\n\t\t\t\t\t<h1 class=\"elementor-heading-title elementor-size-default\">Pagarin\u0101t\u0101s garantijas <span class=\"animated-txt\">re\u0123istr\u0101cija<\/span><\/h1>\t\t\t\t<\/div>\n\t\t\t\t<\/div>\n\t\t\t\t<div class=\"elementor-element elementor-element-7ed953d elementor-invisible elementor-widget elementor-widget-text-editor\" data-id=\"7ed953d\" data-element_type=\"widget\" data-e-type=\"widget\" data-settings=\"{&quot;_animation&quot;:&quot;fadeInUp&quot;}\" data-widget_type=\"text-editor.default\">\n\t\t\t\t<div class=\"elementor-widget-container\">\n\t\t\t\t\t\t\t\t\t<p>Aktiviz\u0113jiet papla\u0161in\u0101to segumu.<\/p>\t\t\t\t\t\t\t\t<\/div>\n\t\t\t\t<\/div>\n\t\t\t\t\t<\/div>\n\t\t<\/div>\n\t\t\t\t\t<\/div>\n\t\t<\/section>\n\t\t\t\t\t<\/div>\n\t\t<\/div>\n\t\t\t\t\t<\/div>\n\t\t<\/section>\n\t\t\t\t<section class=\"elementor-section elementor-top-section elementor-element elementor-element-f226250 elementor-section-stretched elementor-section-boxed elementor-section-height-default elementor-section-height-default\" data-id=\"f226250\" data-element_type=\"section\" data-e-type=\"section\" data-settings=\"{&quot;stretch_section&quot;:&quot;section-stretched&quot;,&quot;background_background&quot;:&quot;classic&quot;}\">\n\t\t\t\t\t\t<div class=\"elementor-container elementor-column-gap-no\">\n\t\t\t\t\t<div class=\"elementor-column elementor-col-100 elementor-top-column elementor-element elementor-element-7c71fb0\" data-id=\"7c71fb0\" data-element_type=\"column\" data-e-type=\"column\">\n\t\t\t<div class=\"elementor-widget-wrap elementor-element-populated\">\n\t\t\t\t\t\t<div class=\"elementor-element elementor-element-74a084d elementor-widget elementor-widget-html\" data-id=\"74a084d\" data-element_type=\"widget\" data-e-type=\"widget\" data-widget_type=\"html.default\">\n\t\t\t\t<div class=\"elementor-widget-container\">\n\t\t\t\t\t<iframe src=\"https:\/\/simpro.world\/support\/extended-warranty-registration\" frameborder=\"0\" style=\"width: 890px; height:2170px; margin:0px;\"><\/iframe>\t\t\t\t<\/div>\n\t\t\t\t<\/div>\n\t\t\t\t<div class=\"elementor-element elementor-element-22dddab elementor-invisible elementor-widget elementor-widget-text-editor\" data-id=\"22dddab\" data-element_type=\"widget\" data-e-type=\"widget\" data-settings=\"{&quot;_animation&quot;:&quot;fadeInUp&quot;}\" data-widget_type=\"text-editor.default\">\n\t\t\t\t<div class=\"elementor-widget-container\">\n\t\t\t\t\t\t\t\t\t<p>\u0160o saiti uz Simpro p\u0101rdo\u0161anas un atbalsta dienesta pakalpojumu tie\u0161raid\u0113 vajadz\u0113tu izmantot tikai ar garantiju saist\u012btiem jaut\u0101jumiem. Vi\u0146i nevar\u0113s pal\u012bdz\u0113t nek\u0101dos citos gad\u012bjumos. <\/p>\t\t\t\t\t\t\t\t<\/div>\n\t\t\t\t<\/div>\n\t\t\t\t\t<\/div>\n\t\t<\/div>\n\t\t\t\t\t<\/div>\n\t\t<\/section>\n\t\t\t\t<\/div>\n\t\t","protected":false},"excerpt":{"rendered":"<p>Pagarin\u0101t\u0101s garantijas re\u0123istr\u0101cija Aktiviz\u0113jiet papla\u0161in\u0101to segumu. \u0160o saiti uz Simpro p\u0101rdo\u0161anas un atbalsta dienesta pakalpojumu tie\u0161raid\u0113 vajadz\u0113tu izmantot tikai ar garantiju saist\u012btiem jaut\u0101jumiem. Vi\u0146i nevar\u0113s pal\u012bdz\u0113t nek\u0101dos citos gad\u012bjumos.<\/p>\n","protected":false},"author":1,"featured_media":0,"parent":0,"menu_order":0,"comment_status":"closed","ping_status":"closed","template":"","meta":{"_acf_changed":false,"footnotes":""},"class_list":["post-2198","page","type-page","status-publish","hentry"],"acf":[],"yoast_head":"<!-- This site is optimized with the Yoast SEO plugin v27.4 - https:\/\/yoast.com\/product\/yoast-seo-wordpress\/ -->\n<title>Garantijas re\u0123istr\u0101cija - Simpro Europe<\/title>\n<meta name=\"description\" content=\"Re\u0123istr\u0113jiet savu garantiju Simpro Europe, lai nodro\u0161in\u0101tu visaptvero\u0161u atbalstu un aizsardz\u012bbu saviem produktiem. \u0100trs un vienk\u0101r\u0161s process.\" \/>\n<meta name=\"robots\" content=\"index, follow, max-snippet:-1, max-image-preview:large, max-video-preview:-1\" \/>\n<link rel=\"canonical\" href=\"https:\/\/simpro-europe.com\/lv\/garantijas-registracija\/\" \/>\n<meta property=\"og:locale\" content=\"lv_LV\" \/>\n<meta property=\"og:type\" content=\"article\" \/>\n<meta property=\"og:title\" content=\"Garantijas re\u0123istr\u0101cija - Simpro Europe\" \/>\n<meta property=\"og:description\" content=\"Re\u0123istr\u0113jiet savu garantiju Simpro Europe, lai nodro\u0161in\u0101tu visaptvero\u0161u atbalstu un aizsardz\u012bbu saviem produktiem. \u0100trs un vienk\u0101r\u0161s process.\" \/>\n<meta property=\"og:url\" content=\"https:\/\/simpro-europe.com\/lv\/garantijas-registracija\/\" \/>\n<meta property=\"og:site_name\" content=\"Simpro Europe\" \/>\n<meta property=\"article:publisher\" content=\"https:\/\/www.facebook.com\/simpro.europe\" \/>\n<meta property=\"article:modified_time\" content=\"2025-04-21T09:28:55+00:00\" \/>\n<meta name=\"twitter:card\" content=\"summary_large_image\" \/>\n<meta name=\"twitter:label1\" content=\"Est. reading time\" \/>\n\t<meta name=\"twitter:data1\" content=\"1 minute\" \/>\n<script type=\"application\/ld+json\" class=\"yoast-schema-graph\">{\"@context\":\"https:\\\/\\\/schema.org\",\"@graph\":[{\"@type\":\"WebPage\",\"@id\":\"https:\\\/\\\/simpro-europe.com\\\/lv\\\/garantijas-registracija\\\/\",\"url\":\"https:\\\/\\\/simpro-europe.com\\\/lv\\\/garantijas-registracija\\\/\",\"name\":\"Garantijas re\u0123istr\u0101cija - Simpro Europe\",\"isPartOf\":{\"@id\":\"https:\\\/\\\/simpro-europe.com\\\/lv\\\/#website\"},\"datePublished\":\"2024-10-15T12:50:28+00:00\",\"dateModified\":\"2025-04-21T09:28:55+00:00\",\"description\":\"Re\u0123istr\u0113jiet savu garantiju Simpro Europe, lai nodro\u0161in\u0101tu visaptvero\u0161u atbalstu un aizsardz\u012bbu saviem produktiem. \u0100trs un vienk\u0101r\u0161s process.\",\"breadcrumb\":{\"@id\":\"https:\\\/\\\/simpro-europe.com\\\/lv\\\/garantijas-registracija\\\/#breadcrumb\"},\"inLanguage\":\"lv-LV\",\"potentialAction\":[{\"@type\":\"ReadAction\",\"target\":[\"https:\\\/\\\/simpro-europe.com\\\/lv\\\/garantijas-registracija\\\/\"]}]},{\"@type\":\"BreadcrumbList\",\"@id\":\"https:\\\/\\\/simpro-europe.com\\\/lv\\\/garantijas-registracija\\\/#breadcrumb\",\"itemListElement\":[{\"@type\":\"ListItem\",\"position\":1,\"name\":\"Home\",\"item\":\"https:\\\/\\\/simpro-europe.com\\\/lv\\\/\"},{\"@type\":\"ListItem\",\"position\":2,\"name\":\"Garantijas re\u0123istr\u0101cija\"}]},{\"@type\":\"WebSite\",\"@id\":\"https:\\\/\\\/simpro-europe.com\\\/lv\\\/#website\",\"url\":\"https:\\\/\\\/simpro-europe.com\\\/lv\\\/\",\"name\":\"Simpro Europe\",\"description\":\"Simpro Europe\",\"publisher\":{\"@id\":\"https:\\\/\\\/simpro-europe.com\\\/lv\\\/#organization\"},\"potentialAction\":[{\"@type\":\"SearchAction\",\"target\":{\"@type\":\"EntryPoint\",\"urlTemplate\":\"https:\\\/\\\/simpro-europe.com\\\/lv\\\/?s={search_term_string}\"},\"query-input\":{\"@type\":\"PropertyValueSpecification\",\"valueRequired\":true,\"valueName\":\"search_term_string\"}}],\"inLanguage\":\"lv-LV\"},{\"@type\":\"Organization\",\"@id\":\"https:\\\/\\\/simpro-europe.com\\\/lv\\\/#organization\",\"name\":\"Simpro Europe\",\"url\":\"https:\\\/\\\/simpro-europe.com\\\/lv\\\/\",\"logo\":{\"@type\":\"ImageObject\",\"inLanguage\":\"lv-LV\",\"@id\":\"https:\\\/\\\/simpro-europe.com\\\/lv\\\/#\\\/schema\\\/logo\\\/image\\\/\",\"url\":\"https:\\\/\\\/simpro-europe.com\\\/wp-content\\\/uploads\\\/2024\\\/08\\\/simpro-europe-logo-1.svg\",\"contentUrl\":\"https:\\\/\\\/simpro-europe.com\\\/wp-content\\\/uploads\\\/2024\\\/08\\\/simpro-europe-logo-1.svg\",\"width\":207,\"height\":50,\"caption\":\"Simpro Europe\"},\"image\":{\"@id\":\"https:\\\/\\\/simpro-europe.com\\\/lv\\\/#\\\/schema\\\/logo\\\/image\\\/\"},\"sameAs\":[\"https:\\\/\\\/www.facebook.com\\\/simpro.europe\",\"https:\\\/\\\/www.linkedin.com\\\/company\\\/simproeurope\\\/\",\"https:\\\/\\\/www.instagram.com\\\/simpro.europe\\\/\",\"https:\\\/\\\/www.youtube.com\\\/c\\\/SimproWorld_Lifters\\\/videos\"]}]}<\/script>\n<!-- \/ Yoast SEO plugin. -->","yoast_head_json":{"title":"Garantijas re\u0123istr\u0101cija - Simpro Europe","description":"Re\u0123istr\u0113jiet savu garantiju Simpro Europe, lai nodro\u0161in\u0101tu visaptvero\u0161u atbalstu un aizsardz\u012bbu saviem produktiem. \u0100trs un vienk\u0101r\u0161s process.","robots":{"index":"index","follow":"follow","max-snippet":"max-snippet:-1","max-image-preview":"max-image-preview:large","max-video-preview":"max-video-preview:-1"},"canonical":"https:\/\/simpro-europe.com\/lv\/garantijas-registracija\/","og_locale":"lv_LV","og_type":"article","og_title":"Garantijas re\u0123istr\u0101cija - Simpro Europe","og_description":"Re\u0123istr\u0113jiet savu garantiju Simpro Europe, lai nodro\u0161in\u0101tu visaptvero\u0161u atbalstu un aizsardz\u012bbu saviem produktiem. \u0100trs un vienk\u0101r\u0161s process.","og_url":"https:\/\/simpro-europe.com\/lv\/garantijas-registracija\/","og_site_name":"Simpro Europe","article_publisher":"https:\/\/www.facebook.com\/simpro.europe","article_modified_time":"2025-04-21T09:28:55+00:00","twitter_card":"summary_large_image","twitter_misc":{"Est. reading time":"1 minute"},"schema":{"@context":"https:\/\/schema.org","@graph":[{"@type":"WebPage","@id":"https:\/\/simpro-europe.com\/lv\/garantijas-registracija\/","url":"https:\/\/simpro-europe.com\/lv\/garantijas-registracija\/","name":"Garantijas re\u0123istr\u0101cija - Simpro Europe","isPartOf":{"@id":"https:\/\/simpro-europe.com\/lv\/#website"},"datePublished":"2024-10-15T12:50:28+00:00","dateModified":"2025-04-21T09:28:55+00:00","description":"Re\u0123istr\u0113jiet savu garantiju Simpro Europe, lai nodro\u0161in\u0101tu visaptvero\u0161u atbalstu un aizsardz\u012bbu saviem produktiem. \u0100trs un vienk\u0101r\u0161s process.","breadcrumb":{"@id":"https:\/\/simpro-europe.com\/lv\/garantijas-registracija\/#breadcrumb"},"inLanguage":"lv-LV","potentialAction":[{"@type":"ReadAction","target":["https:\/\/simpro-europe.com\/lv\/garantijas-registracija\/"]}]},{"@type":"BreadcrumbList","@id":"https:\/\/simpro-europe.com\/lv\/garantijas-registracija\/#breadcrumb","itemListElement":[{"@type":"ListItem","position":1,"name":"Home","item":"https:\/\/simpro-europe.com\/lv\/"},{"@type":"ListItem","position":2,"name":"Garantijas re\u0123istr\u0101cija"}]},{"@type":"WebSite","@id":"https:\/\/simpro-europe.com\/lv\/#website","url":"https:\/\/simpro-europe.com\/lv\/","name":"Simpro Europe","description":"Simpro Europe","publisher":{"@id":"https:\/\/simpro-europe.com\/lv\/#organization"},"potentialAction":[{"@type":"SearchAction","target":{"@type":"EntryPoint","urlTemplate":"https:\/\/simpro-europe.com\/lv\/?s={search_term_string}"},"query-input":{"@type":"PropertyValueSpecification","valueRequired":true,"valueName":"search_term_string"}}],"inLanguage":"lv-LV"},{"@type":"Organization","@id":"https:\/\/simpro-europe.com\/lv\/#organization","name":"Simpro Europe","url":"https:\/\/simpro-europe.com\/lv\/","logo":{"@type":"ImageObject","inLanguage":"lv-LV","@id":"https:\/\/simpro-europe.com\/lv\/#\/schema\/logo\/image\/","url":"https:\/\/simpro-europe.com\/wp-content\/uploads\/2024\/08\/simpro-europe-logo-1.svg","contentUrl":"https:\/\/simpro-europe.com\/wp-content\/uploads\/2024\/08\/simpro-europe-logo-1.svg","width":207,"height":50,"caption":"Simpro Europe"},"image":{"@id":"https:\/\/simpro-europe.com\/lv\/#\/schema\/logo\/image\/"},"sameAs":["https:\/\/www.facebook.com\/simpro.europe","https:\/\/www.linkedin.com\/company\/simproeurope\/","https:\/\/www.instagram.com\/simpro.europe\/","https:\/\/www.youtube.com\/c\/SimproWorld_Lifters\/videos"]}]}},"_links":{"self":[{"href":"https:\/\/simpro-europe.com\/lv\/wp-json\/wp\/v2\/pages\/2198","targetHints":{"allow":["GET"]}}],"collection":[{"href":"https:\/\/simpro-europe.com\/lv\/wp-json\/wp\/v2\/pages"}],"about":[{"href":"https:\/\/simpro-europe.com\/lv\/wp-json\/wp\/v2\/types\/page"}],"author":[{"embeddable":true,"href":"https:\/\/simpro-europe.com\/lv\/wp-json\/wp\/v2\/users\/1"}],"replies":[{"embeddable":true,"href":"https:\/\/simpro-europe.com\/lv\/wp-json\/wp\/v2\/comments?post=2198"}],"version-history":[{"count":0,"href":"https:\/\/simpro-europe.com\/lv\/wp-json\/wp\/v2\/pages\/2198\/revisions"}],"wp:attachment":[{"href":"https:\/\/simpro-europe.com\/lv\/wp-json\/wp\/v2\/media?parent=2198"}],"curies":[{"name":"wp","href":"https:\/\/api.w.org\/{rel}","templated":true}]}}