{"id":1925,"date":"2024-10-15T13:02:51","date_gmt":"2024-10-15T13:02:51","guid":{"rendered":"https:\/\/simpro-europe.com\/gewaehrleistungsanspruch\/"},"modified":"2025-03-25T05:29:50","modified_gmt":"2025-03-25T05:29:50","slug":"gewaehrleistungsanspruch","status":"publish","type":"page","link":"https:\/\/simpro-europe.com\/de\/gewaehrleistungsanspruch\/","title":{"rendered":"Gew\u00e4hrleistungsanspruch"},"content":{"rendered":"\t\t<div data-elementor-type=\"wp-page\" data-elementor-id=\"1925\" class=\"elementor elementor-1925 elementor-288\" data-elementor-post-type=\"page\">\n\t\t\t\t\t\t<section class=\"elementor-section elementor-top-section elementor-element elementor-element-f28f7e7 elementor-section-full_width elementor-section-stretched elementor-section-height-default elementor-section-height-default\" data-id=\"f28f7e7\" data-element_type=\"section\" data-e-type=\"section\" data-settings=\"{&quot;stretch_section&quot;:&quot;section-stretched&quot;}\">\n\t\t\t\t\t\t<div class=\"elementor-container elementor-column-gap-no\">\n\t\t\t\t\t<div class=\"elementor-column elementor-col-50 elementor-top-column elementor-element elementor-element-6bce146\" data-id=\"6bce146\" data-element_type=\"column\" data-e-type=\"column\" data-settings=\"{&quot;background_background&quot;:&quot;classic&quot;}\">\n\t\t\t<div class=\"elementor-widget-wrap elementor-element-populated\">\n\t\t\t\t\t\t<div class=\"elementor-element elementor-element-26da317 elementor-widget elementor-widget-spacer\" data-id=\"26da317\" data-element_type=\"widget\" data-e-type=\"widget\" data-widget_type=\"spacer.default\">\n\t\t\t\t<div class=\"elementor-widget-container\">\n\t\t\t\t\t\t\t<div class=\"elementor-spacer\">\n\t\t\t<div class=\"elementor-spacer-inner\"><\/div>\n\t\t<\/div>\n\t\t\t\t\t\t<\/div>\n\t\t\t\t<\/div>\n\t\t\t\t\t<\/div>\n\t\t<\/div>\n\t\t\t\t<div class=\"elementor-column elementor-col-50 elementor-top-column elementor-element elementor-element-94ca65b\" data-id=\"94ca65b\" data-element_type=\"column\" data-e-type=\"column\" data-settings=\"{&quot;background_background&quot;:&quot;gradient&quot;}\">\n\t\t\t<div class=\"elementor-widget-wrap elementor-element-populated\">\n\t\t\t\t\t\t<section class=\"elementor-section elementor-inner-section elementor-element elementor-element-d65a08c elementor-section-boxed elementor-section-height-default elementor-section-height-default\" data-id=\"d65a08c\" data-element_type=\"section\" data-e-type=\"section\" data-settings=\"{&quot;background_background&quot;:&quot;classic&quot;}\">\n\t\t\t\t\t\t<div class=\"elementor-container elementor-column-gap-no\">\n\t\t\t\t\t<div class=\"elementor-column elementor-col-100 elementor-inner-column elementor-element elementor-element-9ce6afb cont-clm-style\" data-id=\"9ce6afb\" data-element_type=\"column\" data-e-type=\"column\" data-settings=\"{&quot;background_background&quot;:&quot;classic&quot;}\">\n\t\t\t<div class=\"elementor-widget-wrap elementor-element-populated\">\n\t\t\t\t\t\t<div class=\"elementor-element elementor-element-5e71722 elementor-invisible elementor-widget elementor-widget-heading\" data-id=\"5e71722\" data-element_type=\"widget\" data-e-type=\"widget\" data-settings=\"{&quot;_animation&quot;:&quot;fadeInUp&quot;}\" data-widget_type=\"heading.default\">\n\t\t\t\t<div class=\"elementor-widget-container\">\n\t\t\t\t\t<h1 class=\"elementor-heading-title elementor-size-default\"><span class=\"animated-txt\">Garantieanspruch<\/span><\/h1>\t\t\t\t<\/div>\n\t\t\t\t<\/div>\n\t\t\t\t<div class=\"elementor-element elementor-element-6d60735 elementor-invisible elementor-widget elementor-widget-text-editor\" data-id=\"6d60735\" data-element_type=\"widget\" data-e-type=\"widget\" data-settings=\"{&quot;_animation&quot;:&quot;fadeInUp&quot;}\" data-widget_type=\"text-editor.default\">\n\t\t\t\t<div class=\"elementor-widget-container\">\n\t\t\t\t\t\t\t\t\t<p>Reichen Sie einen Antrag auf Garantie ein.<\/p>\n\t\t\t\t\t\t\t\t<\/div>\n\t\t\t\t<\/div>\n\t\t\t\t\t<\/div>\n\t\t<\/div>\n\t\t\t\t\t<\/div>\n\t\t<\/section>\n\t\t\t\t\t<\/div>\n\t\t<\/div>\n\t\t\t\t\t<\/div>\n\t\t<\/section>\n\t\t\t\t<section class=\"elementor-section elementor-top-section elementor-element elementor-element-1c8b38d elementor-section-stretched elementor-section-boxed elementor-section-height-default elementor-section-height-default\" data-id=\"1c8b38d\" data-element_type=\"section\" data-e-type=\"section\" data-settings=\"{&quot;stretch_section&quot;:&quot;section-stretched&quot;,&quot;background_background&quot;:&quot;classic&quot;}\">\n\t\t\t\t\t\t<div class=\"elementor-container elementor-column-gap-no\">\n\t\t\t\t\t<div class=\"elementor-column elementor-col-100 elementor-top-column elementor-element elementor-element-39aa367\" data-id=\"39aa367\" data-element_type=\"column\" data-e-type=\"column\">\n\t\t\t<div class=\"elementor-widget-wrap elementor-element-populated\">\n\t\t\t\t\t\t<div class=\"elementor-element elementor-element-5eb6aaf elementor-widget elementor-widget-html\" data-id=\"5eb6aaf\" data-element_type=\"widget\" data-e-type=\"widget\" data-widget_type=\"html.default\">\n\t\t\t\t<div class=\"elementor-widget-container\">\n\t\t\t\t\t<iframe src=\"https:\/\/simpro.world\/support\/warranty-claim\" frameborder=\"0\" style=\"width: 890px; height:1355px; margin:0px;\"><\/iframe>\t\t\t\t<\/div>\n\t\t\t\t<\/div>\n\t\t\t\t<div class=\"elementor-element elementor-element-4176bed elementor-invisible elementor-widget elementor-widget-text-editor\" data-id=\"4176bed\" data-element_type=\"widget\" data-e-type=\"widget\" data-settings=\"{&quot;_animation&quot;:&quot;fadeInUp&quot;}\" data-widget_type=\"text-editor.default\">\n\t\t\t\t<div class=\"elementor-widget-container\">\n\t\t\t\t\t\t\t\t\t<p>Dieser Link zu Simpro Live Sales &amp; Support sollte nur f\u00fcr Fragen zur Garantie verwendet werden. Bei allen anderen Fragen k\u00f6nnen sie Ihnen nicht helfen. <\/p>\n\t\t\t\t\t\t\t\t<\/div>\n\t\t\t\t<\/div>\n\t\t\t\t\t<\/div>\n\t\t<\/div>\n\t\t\t\t\t<\/div>\n\t\t<\/section>\n\t\t\t\t<\/div>\n\t\t","protected":false},"excerpt":{"rendered":"<p>Garantieanspruch Reichen Sie einen Antrag auf Garantie ein. Dieser Link zu Simpro Live Sales &amp; Support sollte nur f\u00fcr Fragen zur Garantie verwendet werden. Bei allen anderen Fragen k\u00f6nnen sie Ihnen nicht helfen.<\/p>\n","protected":false},"author":1,"featured_media":0,"parent":0,"menu_order":0,"comment_status":"closed","ping_status":"closed","template":"","meta":{"_acf_changed":false,"footnotes":""},"class_list":["post-1925","page","type-page","status-publish","hentry"],"acf":[],"yoast_head":"<!-- This site is optimized with the Yoast SEO plugin v27.4 - https:\/\/yoast.com\/product\/yoast-seo-wordpress\/ -->\n<title>Gew\u00e4hrleistungsanspr\u00fcche leicht gemacht | Simpro Europe<\/title>\n<meta name=\"description\" content=\"Reichen Sie Ihre Garantieanspr\u00fcche m\u00fchelos bei Simpro Europe ein. Folgen Sie unserem einfachen Verfahren, um schnelle L\u00f6sungen und zuverl\u00e4ssige Unterst\u00fctzung f\u00fcr Ihre Produkte zu gew\u00e4hrleisten.\" \/>\n<meta name=\"robots\" content=\"index, follow, max-snippet:-1, max-image-preview:large, max-video-preview:-1\" \/>\n<link rel=\"canonical\" href=\"https:\/\/simpro-europe.com\/de\/gewaehrleistungsanspruch\/\" \/>\n<meta property=\"og:locale\" content=\"de_DE\" \/>\n<meta property=\"og:type\" content=\"article\" \/>\n<meta property=\"og:title\" content=\"Gew\u00e4hrleistungsanspr\u00fcche leicht gemacht | Simpro Europe\" \/>\n<meta property=\"og:description\" content=\"Reichen Sie Ihre Garantieanspr\u00fcche m\u00fchelos bei Simpro Europe ein. Folgen Sie unserem einfachen Verfahren, um schnelle L\u00f6sungen und zuverl\u00e4ssige Unterst\u00fctzung f\u00fcr Ihre Produkte zu gew\u00e4hrleisten.\" \/>\n<meta property=\"og:url\" content=\"https:\/\/simpro-europe.com\/de\/gewaehrleistungsanspruch\/\" \/>\n<meta property=\"og:site_name\" content=\"Simpro Europe\" \/>\n<meta property=\"article:publisher\" content=\"https:\/\/www.facebook.com\/simpro.europe\" \/>\n<meta property=\"article:modified_time\" content=\"2025-03-25T05:29:50+00:00\" \/>\n<meta name=\"twitter:card\" content=\"summary_large_image\" \/>\n<meta name=\"twitter:label1\" content=\"Gesch\u00e4tzte Lesezeit\" \/>\n\t<meta name=\"twitter:data1\" content=\"1\u00a0Minute\" \/>\n<script type=\"application\/ld+json\" class=\"yoast-schema-graph\">{\"@context\":\"https:\\\/\\\/schema.org\",\"@graph\":[{\"@type\":\"WebPage\",\"@id\":\"https:\\\/\\\/simpro-europe.com\\\/de\\\/gewaehrleistungsanspruch\\\/\",\"url\":\"https:\\\/\\\/simpro-europe.com\\\/de\\\/gewaehrleistungsanspruch\\\/\",\"name\":\"Gew\u00e4hrleistungsanspr\u00fcche leicht gemacht | Simpro Europe\",\"isPartOf\":{\"@id\":\"https:\\\/\\\/simpro-europe.com\\\/de\\\/#website\"},\"datePublished\":\"2024-10-15T13:02:51+00:00\",\"dateModified\":\"2025-03-25T05:29:50+00:00\",\"description\":\"Reichen Sie Ihre Garantieanspr\u00fcche m\u00fchelos bei Simpro Europe ein. Folgen Sie unserem einfachen Verfahren, um schnelle L\u00f6sungen und zuverl\u00e4ssige Unterst\u00fctzung f\u00fcr Ihre Produkte zu gew\u00e4hrleisten.\",\"breadcrumb\":{\"@id\":\"https:\\\/\\\/simpro-europe.com\\\/de\\\/gewaehrleistungsanspruch\\\/#breadcrumb\"},\"inLanguage\":\"de\",\"potentialAction\":[{\"@type\":\"ReadAction\",\"target\":[\"https:\\\/\\\/simpro-europe.com\\\/de\\\/gewaehrleistungsanspruch\\\/\"]}]},{\"@type\":\"BreadcrumbList\",\"@id\":\"https:\\\/\\\/simpro-europe.com\\\/de\\\/gewaehrleistungsanspruch\\\/#breadcrumb\",\"itemListElement\":[{\"@type\":\"ListItem\",\"position\":1,\"name\":\"Home\",\"item\":\"https:\\\/\\\/simpro-europe.com\\\/de\\\/\"},{\"@type\":\"ListItem\",\"position\":2,\"name\":\"Gew\u00e4hrleistungsanspruch\"}]},{\"@type\":\"WebSite\",\"@id\":\"https:\\\/\\\/simpro-europe.com\\\/de\\\/#website\",\"url\":\"https:\\\/\\\/simpro-europe.com\\\/de\\\/\",\"name\":\"Simpro Europe\",\"description\":\"Simpro Europe\",\"publisher\":{\"@id\":\"https:\\\/\\\/simpro-europe.com\\\/de\\\/#organization\"},\"potentialAction\":[{\"@type\":\"SearchAction\",\"target\":{\"@type\":\"EntryPoint\",\"urlTemplate\":\"https:\\\/\\\/simpro-europe.com\\\/de\\\/?s={search_term_string}\"},\"query-input\":{\"@type\":\"PropertyValueSpecification\",\"valueRequired\":true,\"valueName\":\"search_term_string\"}}],\"inLanguage\":\"de\"},{\"@type\":\"Organization\",\"@id\":\"https:\\\/\\\/simpro-europe.com\\\/de\\\/#organization\",\"name\":\"Simpro Europe\",\"url\":\"https:\\\/\\\/simpro-europe.com\\\/de\\\/\",\"logo\":{\"@type\":\"ImageObject\",\"inLanguage\":\"de\",\"@id\":\"https:\\\/\\\/simpro-europe.com\\\/de\\\/#\\\/schema\\\/logo\\\/image\\\/\",\"url\":\"https:\\\/\\\/simpro-europe.com\\\/wp-content\\\/uploads\\\/2024\\\/08\\\/simpro-europe-logo-1.svg\",\"contentUrl\":\"https:\\\/\\\/simpro-europe.com\\\/wp-content\\\/uploads\\\/2024\\\/08\\\/simpro-europe-logo-1.svg\",\"width\":207,\"height\":50,\"caption\":\"Simpro Europe\"},\"image\":{\"@id\":\"https:\\\/\\\/simpro-europe.com\\\/de\\\/#\\\/schema\\\/logo\\\/image\\\/\"},\"sameAs\":[\"https:\\\/\\\/www.facebook.com\\\/simpro.europe\",\"https:\\\/\\\/www.linkedin.com\\\/company\\\/simproeurope\\\/\",\"https:\\\/\\\/www.instagram.com\\\/simpro.europe\\\/\",\"https:\\\/\\\/www.youtube.com\\\/c\\\/SimproWorld_Lifters\\\/videos\"]}]}<\/script>\n<!-- \/ Yoast SEO plugin. -->","yoast_head_json":{"title":"Gew\u00e4hrleistungsanspr\u00fcche leicht gemacht | Simpro Europe","description":"Reichen Sie Ihre Garantieanspr\u00fcche m\u00fchelos bei Simpro Europe ein. Folgen Sie unserem einfachen Verfahren, um schnelle L\u00f6sungen und zuverl\u00e4ssige Unterst\u00fctzung f\u00fcr Ihre Produkte zu gew\u00e4hrleisten.","robots":{"index":"index","follow":"follow","max-snippet":"max-snippet:-1","max-image-preview":"max-image-preview:large","max-video-preview":"max-video-preview:-1"},"canonical":"https:\/\/simpro-europe.com\/de\/gewaehrleistungsanspruch\/","og_locale":"de_DE","og_type":"article","og_title":"Gew\u00e4hrleistungsanspr\u00fcche leicht gemacht | Simpro Europe","og_description":"Reichen Sie Ihre Garantieanspr\u00fcche m\u00fchelos bei Simpro Europe ein. Folgen Sie unserem einfachen Verfahren, um schnelle L\u00f6sungen und zuverl\u00e4ssige Unterst\u00fctzung f\u00fcr Ihre Produkte zu gew\u00e4hrleisten.","og_url":"https:\/\/simpro-europe.com\/de\/gewaehrleistungsanspruch\/","og_site_name":"Simpro Europe","article_publisher":"https:\/\/www.facebook.com\/simpro.europe","article_modified_time":"2025-03-25T05:29:50+00:00","twitter_card":"summary_large_image","twitter_misc":{"Gesch\u00e4tzte Lesezeit":"1\u00a0Minute"},"schema":{"@context":"https:\/\/schema.org","@graph":[{"@type":"WebPage","@id":"https:\/\/simpro-europe.com\/de\/gewaehrleistungsanspruch\/","url":"https:\/\/simpro-europe.com\/de\/gewaehrleistungsanspruch\/","name":"Gew\u00e4hrleistungsanspr\u00fcche leicht gemacht | Simpro Europe","isPartOf":{"@id":"https:\/\/simpro-europe.com\/de\/#website"},"datePublished":"2024-10-15T13:02:51+00:00","dateModified":"2025-03-25T05:29:50+00:00","description":"Reichen Sie Ihre Garantieanspr\u00fcche m\u00fchelos bei Simpro Europe ein. Folgen Sie unserem einfachen Verfahren, um schnelle L\u00f6sungen und zuverl\u00e4ssige Unterst\u00fctzung f\u00fcr Ihre Produkte zu gew\u00e4hrleisten.","breadcrumb":{"@id":"https:\/\/simpro-europe.com\/de\/gewaehrleistungsanspruch\/#breadcrumb"},"inLanguage":"de","potentialAction":[{"@type":"ReadAction","target":["https:\/\/simpro-europe.com\/de\/gewaehrleistungsanspruch\/"]}]},{"@type":"BreadcrumbList","@id":"https:\/\/simpro-europe.com\/de\/gewaehrleistungsanspruch\/#breadcrumb","itemListElement":[{"@type":"ListItem","position":1,"name":"Home","item":"https:\/\/simpro-europe.com\/de\/"},{"@type":"ListItem","position":2,"name":"Gew\u00e4hrleistungsanspruch"}]},{"@type":"WebSite","@id":"https:\/\/simpro-europe.com\/de\/#website","url":"https:\/\/simpro-europe.com\/de\/","name":"Simpro Europe","description":"Simpro Europe","publisher":{"@id":"https:\/\/simpro-europe.com\/de\/#organization"},"potentialAction":[{"@type":"SearchAction","target":{"@type":"EntryPoint","urlTemplate":"https:\/\/simpro-europe.com\/de\/?s={search_term_string}"},"query-input":{"@type":"PropertyValueSpecification","valueRequired":true,"valueName":"search_term_string"}}],"inLanguage":"de"},{"@type":"Organization","@id":"https:\/\/simpro-europe.com\/de\/#organization","name":"Simpro Europe","url":"https:\/\/simpro-europe.com\/de\/","logo":{"@type":"ImageObject","inLanguage":"de","@id":"https:\/\/simpro-europe.com\/de\/#\/schema\/logo\/image\/","url":"https:\/\/simpro-europe.com\/wp-content\/uploads\/2024\/08\/simpro-europe-logo-1.svg","contentUrl":"https:\/\/simpro-europe.com\/wp-content\/uploads\/2024\/08\/simpro-europe-logo-1.svg","width":207,"height":50,"caption":"Simpro Europe"},"image":{"@id":"https:\/\/simpro-europe.com\/de\/#\/schema\/logo\/image\/"},"sameAs":["https:\/\/www.facebook.com\/simpro.europe","https:\/\/www.linkedin.com\/company\/simproeurope\/","https:\/\/www.instagram.com\/simpro.europe\/","https:\/\/www.youtube.com\/c\/SimproWorld_Lifters\/videos"]}]}},"_links":{"self":[{"href":"https:\/\/simpro-europe.com\/de\/wp-json\/wp\/v2\/pages\/1925","targetHints":{"allow":["GET"]}}],"collection":[{"href":"https:\/\/simpro-europe.com\/de\/wp-json\/wp\/v2\/pages"}],"about":[{"href":"https:\/\/simpro-europe.com\/de\/wp-json\/wp\/v2\/types\/page"}],"author":[{"embeddable":true,"href":"https:\/\/simpro-europe.com\/de\/wp-json\/wp\/v2\/users\/1"}],"replies":[{"embeddable":true,"href":"https:\/\/simpro-europe.com\/de\/wp-json\/wp\/v2\/comments?post=1925"}],"version-history":[{"count":0,"href":"https:\/\/simpro-europe.com\/de\/wp-json\/wp\/v2\/pages\/1925\/revisions"}],"wp:attachment":[{"href":"https:\/\/simpro-europe.com\/de\/wp-json\/wp\/v2\/media?parent=1925"}],"curies":[{"name":"wp","href":"https:\/\/api.w.org\/{rel}","templated":true}]}}